{"id":166,"date":"2016-07-05T14:54:09","date_gmt":"2016-07-05T11:54:09","guid":{"rendered":"http:\/\/porgupohja.ee\/?page_id=166"},"modified":"2016-07-05T14:54:09","modified_gmt":"2016-07-05T11:54:09","slug":"porgupohja-retk-2016-registreerunud-voistkonnad","status":"publish","type":"page","link":"https:\/\/porgupohja.ee\/index.php\/porgupohja-retk-2016-registreerunud-voistkonnad\/","title":{"rendered":"P\u00f5rgup\u00f5hja Retk 2016 registreerunud v\u00f5istkonnad"},"content":{"rendered":"<p>Registreerunud v\u00f5id\u015btkonnad seisuga 05.07.2016<\/p>\n<ol>\n<li>KL P\u00e4rnumaa<\/li>\n<li>KL P\u00e4rnumaa V\u00e4ndra<\/li>\n<li>KL Tallinn N\u00f5mme<\/li>\n<li>KL Tallinn Kalevi<\/li>\n<li>KL Tallinn Toompea<\/li>\n<li>KL Rapla malev PP kohtunikud<\/li>\n<li>KL Rapla malev 1<\/li>\n<li>KL Rapla malev 2<\/li>\n<li>KL Rapla malev 3<\/li>\n<li>NKK Rapla<\/li>\n<li>NKK Rapla Hiie<\/li>\n<li>KL Harju malev 1<\/li>\n<li>KL Harju malev 2<\/li>\n<li>KL J\u00e4rva<\/li>\n<li>1.JVBr Pioneeripataljon<\/li>\n<li>KL Tallinn P\u00f5hja \u00fcksikkompanii<\/li>\n<li>STVP<\/li>\n<li>S\u00d6S<\/li>\n<li>Domus Kinnisvara 1<\/li>\n<li>Domus Kinnisvara 2<\/li>\n<\/ol>\n","protected":false},"excerpt":{"rendered":"<p>Registreerunud v\u00f5id\u015btkonnad seisuga 05.07.2016 KL P\u00e4rnumaa KL P\u00e4rnumaa V\u00e4ndra KL Tallinn N\u00f5mme KL Tallinn Kalevi KL Tallinn Toompea KL Rapla malev PP kohtunikud KL Rapla malev 1 KL Rapla malev 2 KL Rapla malev 3 NKK Rapla NKK Rapla Hiie &hellip; <a href=\"https:\/\/porgupohja.ee\/index.php\/porgupohja-retk-2016-registreerunud-voistkonnad\/\">Continue reading <span class=\"meta-nav\">&rarr;<\/span><\/a><\/p>\n","protected":false},"author":2,"featured_media":0,"parent":0,"menu_order":0,"comment_status":"closed","ping_status":"closed","template":"","meta":{"footnotes":""},"class_list":["post-166","page","type-page","status-publish","hentry"],"_links":{"self":[{"href":"https:\/\/porgupohja.ee\/index.php\/wp-json\/wp\/v2\/pages\/166","targetHints":{"allow":["GET"]}}],"collection":[{"href":"https:\/\/porgupohja.ee\/index.php\/wp-json\/wp\/v2\/pages"}],"about":[{"href":"https:\/\/porgupohja.ee\/index.php\/wp-json\/wp\/v2\/types\/page"}],"author":[{"embeddable":true,"href":"https:\/\/porgupohja.ee\/index.php\/wp-json\/wp\/v2\/users\/2"}],"replies":[{"embeddable":true,"href":"https:\/\/porgupohja.ee\/index.php\/wp-json\/wp\/v2\/comments?post=166"}],"version-history":[{"count":1,"href":"https:\/\/porgupohja.ee\/index.php\/wp-json\/wp\/v2\/pages\/166\/revisions"}],"predecessor-version":[{"id":167,"href":"https:\/\/porgupohja.ee\/index.php\/wp-json\/wp\/v2\/pages\/166\/revisions\/167"}],"wp:attachment":[{"href":"https:\/\/porgupohja.ee\/index.php\/wp-json\/wp\/v2\/media?parent=166"}],"curies":[{"name":"wp","href":"https:\/\/api.w.org\/{rel}","templated":true}]}}