{"id":212,"date":"2017-06-27T14:57:09","date_gmt":"2017-06-27T11:57:09","guid":{"rendered":"http:\/\/porgupohja.ee\/?page_id=212"},"modified":"2017-06-29T13:21:01","modified_gmt":"2017-06-29T10:21:01","slug":"porgupohja-retk-2017-registreerunud-voistkonnad","status":"publish","type":"page","link":"https:\/\/porgupohja.ee\/index.php\/porgupohja-retk-2017-registreerunud-voistkonnad\/","title":{"rendered":"P\u00f5rgup\u00f5hja Retk 2017 registreerunud v\u00f5istkonnad"},"content":{"rendered":"<p>&nbsp;<\/p>\n<ol>\n<li>KL Rapla PP kohtunikud vol.3<\/li>\n<li>Scoutspataljon 1<\/li>\n<li>Scoutspataljon 2<\/li>\n<li>KL Tallinn Kalevi<\/li>\n<li>KL Rapla Hiie<\/li>\n<li>NKK Rapla Hiie<\/li>\n<li>KL Tallinn P\u00f5hja kompanii 1<\/li>\n<li>KL P\u00e4rnumaa<\/li>\n<li>KL Tallinn P\u00f5hjakompanii 2<\/li>\n<li>KL Rapla Loone<\/li>\n<li>KL J\u00e4rva<\/li>\n<li>KL Harju 1<\/li>\n<li>KL Harju 2<\/li>\n<li>KL Rapla Skaudid<\/li>\n<\/ol>\n","protected":false},"excerpt":{"rendered":"<p>&nbsp; KL Rapla PP kohtunikud vol.3 Scoutspataljon 1 Scoutspataljon 2 KL Tallinn Kalevi KL Rapla Hiie NKK Rapla Hiie KL Tallinn P\u00f5hja kompanii 1 KL P\u00e4rnumaa KL Tallinn P\u00f5hjakompanii 2 KL Rapla Loone KL J\u00e4rva KL Harju 1 KL Harju &hellip; <a href=\"https:\/\/porgupohja.ee\/index.php\/porgupohja-retk-2017-registreerunud-voistkonnad\/\">Continue reading <span class=\"meta-nav\">&rarr;<\/span><\/a><\/p>\n","protected":false},"author":2,"featured_media":0,"parent":0,"menu_order":0,"comment_status":"closed","ping_status":"closed","template":"","meta":{"footnotes":""},"class_list":["post-212","page","type-page","status-publish","hentry"],"_links":{"self":[{"href":"https:\/\/porgupohja.ee\/index.php\/wp-json\/wp\/v2\/pages\/212","targetHints":{"allow":["GET"]}}],"collection":[{"href":"https:\/\/porgupohja.ee\/index.php\/wp-json\/wp\/v2\/pages"}],"about":[{"href":"https:\/\/porgupohja.ee\/index.php\/wp-json\/wp\/v2\/types\/page"}],"author":[{"embeddable":true,"href":"https:\/\/porgupohja.ee\/index.php\/wp-json\/wp\/v2\/users\/2"}],"replies":[{"embeddable":true,"href":"https:\/\/porgupohja.ee\/index.php\/wp-json\/wp\/v2\/comments?post=212"}],"version-history":[{"count":3,"href":"https:\/\/porgupohja.ee\/index.php\/wp-json\/wp\/v2\/pages\/212\/revisions"}],"predecessor-version":[{"id":216,"href":"https:\/\/porgupohja.ee\/index.php\/wp-json\/wp\/v2\/pages\/212\/revisions\/216"}],"wp:attachment":[{"href":"https:\/\/porgupohja.ee\/index.php\/wp-json\/wp\/v2\/media?parent=212"}],"curies":[{"name":"wp","href":"https:\/\/api.w.org\/{rel}","templated":true}]}}