{"id":217,"date":"2017-06-29T13:25:28","date_gmt":"2017-06-29T10:25:28","guid":{"rendered":"http:\/\/porgupohja.ee\/?page_id=217"},"modified":"2017-07-03T23:54:15","modified_gmt":"2017-07-03T20:54:15","slug":"porgupohja-retk-2017-ajakava","status":"publish","type":"page","link":"https:\/\/porgupohja.ee\/index.php\/porgupohja-retk-2017-ajakava\/","title":{"rendered":"P\u00f5rgup\u00f5hja Retk 2017 ajakava"},"content":{"rendered":"<p>Neljap\u00e4ev 06.juuli 2017 Sillaotsa talumuuseumis Velisel (<a href=\"https:\/\/www.google.ee\/maps\/place\/58%C2%B047'53.8%22N+24%C2%B031'14.6%22E\/@58.798286,24.5196307,325m\/data=!3m2!1e3!4b1!4m5!3m4!1s0x0:0x0!8m2!3d58.798286!4d24.520725?hl=et\">link kaardile<\/a>)<\/p>\n<p>06:15-07:00 Mandaat<br \/>\n06:30-07:30 Hommikus\u00f6\u00f6k<br \/>\n07:00- V\u00f5iskondade koosolek ja v\u00f5istluse avamine<br \/>\n07:30- v\u00f5istkondade formeerimine<br \/>\n08:00- esimene v\u00f5istkond stardib trassile<\/p>\n<p>Laup\u00e4ev 08.juuli 2017 Eidapere Kassiv\u00f5llim\u00e4el (<a href=\"https:\/\/www.google.ee\/maps\/place\/58%C2%B044'32.6%22N+24%C2%B056'47.5%22E\/@58.742396,24.9459918,163m\/data=!3m2!1e3!4b1!4m5!3m4!1s0x0:0x0!8m2!3d58.742396!4d24.946539?hl=et\">link kaardile<\/a>)<\/p>\n<p>esimene v\u00f5istkond fini\u0161is orienteeruvalt 16.00<br \/>\nAutasustamine orienteeruvalt 20.00<\/p>\n<p>Lisaks \u00f5htusele v\u00f5istlejate l\u00f5pujooksule ning fini\u0161eerumisele, millele saab, v\u00f5ib ja peab kaasa elama on meil baaslaagris ka paljut muud n\u00e4ha ning teha.<\/p>\n<p>Nagu n\u00e4iteks &#8211; kuidas teha prahist generaatorit? Aga palun, Eidapere Kassiv\u00f5llim\u00e4el saad sellest l\u00e4hemalt aimu! \ud83d\ude42<\/p>\n<p>Aktiivn\u00e4ituse p\u00f5hiteema on seekord ELANIKKONNAKAITSE, mille alateemad on:<br \/>\n&#8211; Selgitustega ekspositsioon &#8220;Kriisivarustus n\u00e4dalaks sinu kodus&#8221;<br \/>\n&#8211; Selgitustega ekspositsioon &#8220;H\u00e4dapakk sinu autosse ja seljakotti&#8221;<br \/>\n&#8211; Elektri tootmine prahist tehtud generaatoriga<br \/>\n&#8211; Erinevate veepuhastuss\u00fcsteemide kasutamine<br \/>\n&#8211; Erialase kirjanduse p\u00fcsin\u00e4itus<br \/>\n&#8211; Elanikkonnakaitse eksperdi Harry SEPP&#8217;a (Rootsi) selgitavad loengud v\u00e4liklassis<\/p>\n<p>Kaitseliidu kooli elanikkonnakaitse koolitusp\u00e4eva raames on kavas:<\/p>\n<p>11:00 \u00dcleelamisn\u00e4ituse avamine<br \/>\n12:00 Koolitus &#8220;Kriisivarustus n\u00e4dalaks sinu kodus&#8221;<br \/>\n13:00 Koolitus &#8220;H\u00e4dapakk sinu autosse ja seljakotti&#8221;<br \/>\n14:00 Loeng &#8220;Kriisis elluj\u00e4\u00e4mine t\u00e4nap\u00e4evases kodus&#8221;<br \/>\n15:00 \u00d5pituba &#8220;Elektri ja joogivee k\u00e4ep\u00e4rane tootmine&#8221;<br \/>\n16:00 Koolitus &#8220;Kriisivarustus n\u00e4dalaks sinu kodus&#8221;<br \/>\n17:00 Koolitus &#8220;H\u00e4dapakk sinu autosse ja seljakotti&#8221;<br \/>\n18:00 Vestlusring\/kohtumine elanikkonnakaitse eksperdi Harry SEPP&#8217;aga (Rootsi)<br \/>\n19:00 \u00dcleelamisn\u00e4ituse sulgemine<\/p>\n<p>&nbsp;<\/p>\n","protected":false},"excerpt":{"rendered":"<p>Neljap\u00e4ev 06.juuli 2017 Sillaotsa talumuuseumis Velisel (link kaardile) 06:15-07:00 Mandaat 06:30-07:30 Hommikus\u00f6\u00f6k 07:00- V\u00f5iskondade koosolek ja v\u00f5istluse avamine 07:30- v\u00f5istkondade formeerimine 08:00- esimene v\u00f5istkond stardib trassile Laup\u00e4ev 08.juuli 2017 Eidapere Kassiv\u00f5llim\u00e4el (link kaardile) esimene v\u00f5istkond fini\u0161is orienteeruvalt 16.00 Autasustamine orienteeruvalt &hellip; <a href=\"https:\/\/porgupohja.ee\/index.php\/porgupohja-retk-2017-ajakava\/\">Continue reading <span class=\"meta-nav\">&rarr;<\/span><\/a><\/p>\n","protected":false},"author":2,"featured_media":0,"parent":0,"menu_order":0,"comment_status":"closed","ping_status":"closed","template":"","meta":{"footnotes":""},"class_list":["post-217","page","type-page","status-publish","hentry"],"_links":{"self":[{"href":"https:\/\/porgupohja.ee\/index.php\/wp-json\/wp\/v2\/pages\/217","targetHints":{"allow":["GET"]}}],"collection":[{"href":"https:\/\/porgupohja.ee\/index.php\/wp-json\/wp\/v2\/pages"}],"about":[{"href":"https:\/\/porgupohja.ee\/index.php\/wp-json\/wp\/v2\/types\/page"}],"author":[{"embeddable":true,"href":"https:\/\/porgupohja.ee\/index.php\/wp-json\/wp\/v2\/users\/2"}],"replies":[{"embeddable":true,"href":"https:\/\/porgupohja.ee\/index.php\/wp-json\/wp\/v2\/comments?post=217"}],"version-history":[{"count":5,"href":"https:\/\/porgupohja.ee\/index.php\/wp-json\/wp\/v2\/pages\/217\/revisions"}],"predecessor-version":[{"id":225,"href":"https:\/\/porgupohja.ee\/index.php\/wp-json\/wp\/v2\/pages\/217\/revisions\/225"}],"wp:attachment":[{"href":"https:\/\/porgupohja.ee\/index.php\/wp-json\/wp\/v2\/media?parent=217"}],"curies":[{"name":"wp","href":"https:\/\/api.w.org\/{rel}","templated":true}]}}