{"id":23,"date":"2015-06-30T02:22:28","date_gmt":"2015-06-29T23:22:28","guid":{"rendered":"http:\/\/porgupohja.ee\/?page_id=23"},"modified":"2016-11-14T15:07:52","modified_gmt":"2016-11-14T12:07:52","slug":"eelnevad-voistlused","status":"publish","type":"page","link":"https:\/\/porgupohja.ee\/index.php\/eelnevad-voistlused\/","title":{"rendered":"Eelnevad v\u00f5istlused"},"content":{"rendered":"<hr \/>\n<h2><span style=\"color: #0000ff;\">P\u00f5rgup\u00f5hja punker on reserveeritud 27-29.oktoober 2016<\/span><\/h2>\n<hr \/>\n<p><a href=\"http:\/\/porgupohja.ee\/wp-content\/uploads\/2015\/05\/Poolkuu_2016_kuulutus.jpg\"><img loading=\"lazy\" decoding=\"async\" class=\"alignnone size-full wp-image-188\" src=\"http:\/\/porgupohja.ee\/wp-content\/uploads\/2015\/05\/Poolkuu_2016_kuulutus.jpg\" alt=\"Poolkuu\" width=\"1002\" height=\"709\" srcset=\"https:\/\/porgupohja.ee\/wp-content\/uploads\/2015\/05\/Poolkuu_2016_kuulutus.jpg 1002w, https:\/\/porgupohja.ee\/wp-content\/uploads\/2015\/05\/Poolkuu_2016_kuulutus-300x212.jpg 300w, https:\/\/porgupohja.ee\/wp-content\/uploads\/2015\/05\/Poolkuu_2016_kuulutus-768x543.jpg 768w\" sizes=\"auto, (max-width: 1002px) 100vw, 1002px\" \/><\/a><\/p>\n<hr \/>\n<h3><strong> P\u00f5rgup\u00f5hja Retk 2016<\/strong><\/h3>\n<h3><strong> 7.-10. juuli 2016<\/strong><\/h3>\n<p>V\u00f5istlust toetavad Kaitseliidu Rapla ja P\u00e4rnu malev, Leibur AS<\/p>\n<p>Ootame tagasisidet aadressile <a href=\"mailto:korraldajad@porgupohja.ee\">korraldajad@porgupohja.ee<\/a><\/p>\n<ul>\n<li><a href=\"http:\/\/porgupohja.ee\/wp-content\/uploads\/2016\/07\/P\u00f5rgup\u00f5hja-Retk-2016-tulemused.pdf\">P\u00f5rgup\u00f5hja Retk 2016 tulemused<\/a><\/li>\n<li><a href=\"http:\/\/porgupohja.ee\/wp-content\/uploads\/2016\/07\/PP_2016_punktiarvestus.pdf\">tulemused alade kaupa<\/a><\/li>\n<li><a href=\"https:\/\/drive.google.com\/open?id=126QOxW3d4oRD_NyBvHQ6qKW0Xeo&amp;usp=sharing\">v\u00f5istkondade liikumine kaardil<\/a> (t\u00e4iendamisel)<\/li>\n<li><a href=\"http:\/\/porgupohja.ee\/index.php\/porgupohja-retk-2016-registreerunud-voistkonnad\/\">registreerunud v\u00f5istkonnad<\/a><\/li>\n<li><a href=\"http:\/\/porgupohja.ee\/index.php\/porgupohja-retk-2016-ajakava\/\">v\u00f5istluse ajakava<\/a><\/li>\n<li><a href=\"http:\/\/porgupohja.ee\/wp-content\/uploads\/2016\/07\/PP_JUHEND_2016.07.05.pdf\">v\u00f5istlusjuhend<\/a> ( t\u00e4iendatud 5.juulil 2016, muudatused on m\u00e4rgitud kollasega)<\/li>\n<li><a href=\"http:\/\/xgis.maaamet.ee\/xGIS\/XGis?app_id=UU41&amp;user_id=at&amp;bbox=552598.907947195,6510815.69352612,556087.586562655,6513006.9950601&amp;setlegend=UU41_ajal=1,FUU6845=0,FUU6841=1,UU41_topo=0,FUU6783=0,FUU6786=1&amp;LANG=1\">topokaardid <\/a>androidil &#8211; <a href=\"https:\/\/play.google.com\/store\/apps\/details?id=com.orux.oruxmaps\">tarkvara<\/a>, <a href=\"http:\/\/www.matkafoorum.net\/viewtopic.php?p=20605#p20605\">eesti kaardid<\/a>, <a href=\"http:\/\/militaar.net\/phpBB2\/viewtopic.php?p=469912#p469912\">eestikeelne \u00f5petus<\/a><\/li>\n<\/ul>\n<h2><strong><span style=\"color: #ff0000;\">L\u00e4bi viljap\u00f5ldude k\u00f5ndimine keelatud!<\/span><\/strong><\/h2>\n<h2><strong><span style=\"color: #ff0000;\">Karuemadel on pojad, nad on kurjad ja neist tuleb eemale hoida!<\/span><\/strong><\/h2>\n<h2><strong><span style=\"color: #ff0000;\">Sigade Aafrika katkuga seoses tuleb teada:<\/span><\/strong><\/h2>\n<ul>\n<li><strong><span style=\"color: #ff0000;\">Kui leiad metsast surnud v\u00f5i ilmsete haigustunnustega metssea, tuvasta oma asukoht ja helista Veterinaar- ja Toiduameti vihjetelefonil \u2014 automaatvastaja number on 605 4750. J\u00e4ta automaatvastajale teade, oma nimi ja kontakttelefoni number.<\/span><\/strong><\/li>\n<li><strong><span style=\"color: #ff0000;\">V\u00e4ldi otsest kontakti surnud metsseaga.<\/span><\/strong><\/li>\n<li><strong><span style=\"color: #ff0000;\">\u00c4ra puutu metsas v\u00f5imalikke nakatunud esemeid paljaste k\u00e4tega.<\/span><\/strong><\/li>\n<li><strong><span style=\"color: #ff0000;\">\u00c4ra j\u00e4ta toiduj\u00e4\u00e4tmeid loodusesse, sest siga v\u00f5ib sedakaudu haigust levitada.<\/span><\/strong><\/li>\n<li><strong><span style=\"color: #ff0000;\">Kui kahtlustad, et oled olnud kontaktis nakatunud sea korjuse v\u00f5i v\u00e4ljaheidetega, puhasta p\u00e4rast looduses viibimist oma riided ja jalan\u00f5ud.<\/span><\/strong><\/li>\n<li><strong><span style=\"color: #ff0000;\">rohkem infot <a style=\"color: #ff0000;\" href=\"http:\/\/www.agri.ee\/et\/seakatk\">http:\/\/www.agri.ee\/et\/seakatk<\/a><\/span><\/strong><\/li>\n<\/ul>\n<p>Registreerimine kuni 20. juunini aadressil tiina@porgupohja.ee<br \/>\nV\u00f5istkonna osav\u00f5tutasu 200\u20ac<br \/>\nMT\u00dc P\u00d5RGUP\u00d5HJA RISTI SELTS arveldusarvele EE771010220199638221<\/p>\n<p>T\u00e4iendav info Martin Andreller 5037152<\/p>\n<p>Nii nagu paaril viimasel aastal, ei ole ka sel aastal laagriplatsil wifi levi. Kes internetti tahab, see v\u00f5tab oma 3G\/4G ise kaasa.<\/p>\n<hr \/>\n<h2><span style=\"color: #ffff00;\"><a href=\"https:\/\/www.facebook.com\/pages\/P%C3%B5rgup%C3%B5hja-Retk\/302083459837415\">P\u00f5rgup\u00f5hja Retk Facebook&#8217;is<\/a><\/span><\/h2>\n<h2><span style=\"color: #ffff00;\">valmis on P\u00f5rgup\u00f5hja Retke 2015 video, hind 2\u20ac<\/span><\/h2>\n<h1>P\u00f5rgup\u00f5hja Retk 2015<\/h1>\n<p>9.-12. juuli 2015<\/p>\n<ul>\n<li><a href=\"http:\/\/porgupohja.ee\/downloads\/pp2015tulemused.htm\">tulemused<\/a><\/li>\n<li><a href=\"https:\/\/www.google.com\/maps\/d\/edit?mid=zfUKkRk5L77o.krVjQ6nY6f5M\">v\u00f5istkondade liikumine kaaardil<\/a><\/li>\n<li><a href=\"http:\/\/porgupohja.ee\/index.php\/porgupohja-retk-2015-luureraportid\/\">luureraportid<\/a><\/li>\n<li><a href=\"http:\/\/porgupohja.ee\/wp-content\/uploads\/2015\/05\/pp2015juhend.htm\">v\u00f5istluse juhend<\/a><\/li>\n<li><a href=\"http:\/\/porgupohja.ee\/index.php\/porgupohja-retk-2015-registreerunud-voistkonnad\/\">registreerunud v\u00f5istkonnad<\/a><\/li>\n<li><a href=\"http:\/\/porgupohja.ee\/index.php\/porgupohja-retk-2015-ajakava\/\">ajakava<\/a><\/li>\n<\/ul>\n<h1>P\u00f5rgup\u00f5hja Retk 2014<\/h1>\n<p>10 &#8211; 13 juuli 2014\u00a0Vigalast Eidaperre<\/p>\n<ul>\n<li><a href=\"http:\/\/porgupohja.ee\/downloads\/pp2014tulemused.htm\">tulemused<\/a><\/li>\n<li><a href=\"https:\/\/www.google.com\/maps\/d\/edit?mid=zfUKkRk5L77o.k6-d7ATzIOCE&amp;usp=sharing\">v\u00f5istkondade liikumine kaardil<\/a><\/li>\n<\/ul>\n<h1>P\u00f5rgup\u00f5hja Retk 2013<\/h1>\n<p>11 &#8211; 14 juuli 2013\u00a0K\u00e4rust Eidaperre<\/p>\n<ul>\n<li><a href=\"http:\/\/porgupohja.ee\/downloads\/pp2013tulemused.htm\">tulemused<\/a><\/li>\n<li><a href=\"https:\/\/www.google.com\/maps\/d\/edit?mid=zfUKkRk5L77o.kWNp0RP9W8xk&amp;usp=sharing\">v\u00f5istkondade liikumine kaardil<\/a><\/li>\n<\/ul>\n<h1>P\u00f5rgup\u00f5hja Retk 2012<\/h1>\n<p>12 &#8211; 15 juuli 2012 P\u00e4rnu-Jaagupist Eidaperre<\/p>\n<ul>\n<li><a href=\"https:\/\/docs.google.com\/spreadsheet\/pub?key=0Akyxa4ur45wXdHRDWlFDd0o1X0MwTENtb1psbFlKYkE&amp;output=html\">tulemused<\/a><\/li>\n<li><a href=\"https:\/\/www.google.com\/maps\/d\/edit?mid=zfUKkRk5L77o.kqx7REb6kL_0&amp;usp=sharing\">v\u00f5istkondade liikumine kaardil<\/a><\/li>\n<\/ul>\n<p>&nbsp;<\/p>\n<p>lehek\u00fclg on t\u00e4iendamisel<\/p>\n","protected":false},"excerpt":{"rendered":"<p>P\u00f5rgup\u00f5hja punker on reserveeritud 27-29.oktoober 2016 P\u00f5rgup\u00f5hja Retk 2016 7.-10. juuli 2016 V\u00f5istlust toetavad Kaitseliidu Rapla ja P\u00e4rnu malev, Leibur AS Ootame tagasisidet aadressile korraldajad@porgupohja.ee P\u00f5rgup\u00f5hja Retk 2016 tulemused tulemused alade kaupa v\u00f5istkondade liikumine kaardil (t\u00e4iendamisel) registreerunud v\u00f5istkonnad v\u00f5istluse ajakava &hellip; <a href=\"https:\/\/porgupohja.ee\/index.php\/eelnevad-voistlused\/\">Continue reading <span class=\"meta-nav\">&rarr;<\/span><\/a><\/p>\n","protected":false},"author":2,"featured_media":0,"parent":0,"menu_order":0,"comment_status":"closed","ping_status":"closed","template":"","meta":{"footnotes":""},"class_list":["post-23","page","type-page","status-publish","hentry"],"_links":{"self":[{"href":"https:\/\/porgupohja.ee\/index.php\/wp-json\/wp\/v2\/pages\/23","targetHints":{"allow":["GET"]}}],"collection":[{"href":"https:\/\/porgupohja.ee\/index.php\/wp-json\/wp\/v2\/pages"}],"about":[{"href":"https:\/\/porgupohja.ee\/index.php\/wp-json\/wp\/v2\/types\/page"}],"author":[{"embeddable":true,"href":"https:\/\/porgupohja.ee\/index.php\/wp-json\/wp\/v2\/users\/2"}],"replies":[{"embeddable":true,"href":"https:\/\/porgupohja.ee\/index.php\/wp-json\/wp\/v2\/comments?post=23"}],"version-history":[{"count":13,"href":"https:\/\/porgupohja.ee\/index.php\/wp-json\/wp\/v2\/pages\/23\/revisions"}],"predecessor-version":[{"id":193,"href":"https:\/\/porgupohja.ee\/index.php\/wp-json\/wp\/v2\/pages\/23\/revisions\/193"}],"wp:attachment":[{"href":"https:\/\/porgupohja.ee\/index.php\/wp-json\/wp\/v2\/media?parent=23"}],"curies":[{"name":"wp","href":"https:\/\/api.w.org\/{rel}","templated":true}]}}