{"id":256,"date":"2018-06-27T14:31:57","date_gmt":"2018-06-27T11:31:57","guid":{"rendered":"http:\/\/porgupohja.ee\/?page_id=256"},"modified":"2018-06-28T01:10:50","modified_gmt":"2018-06-27T22:10:50","slug":"oruxmaps","status":"publish","type":"page","link":"https:\/\/porgupohja.ee\/index.php\/oruxmaps\/","title":{"rendered":"Oruxmaps"},"content":{"rendered":"<p>Tasuta kaardirakendus android  telefonidele ja tahvlitele milles on v\u00f5imalik m\u00e4lukaardile salvestada:<\/p>\n<ul>\n<li>Maaameti Eesti p\u00f5hikaart 1:10 000 (2018)<\/li>\n<li>Eesti p\u00f5hikaart 1:20 000 (v\u00e4lja antud 1994-2016)<\/li>\n<li>Eesti Kaart 1:50 000 (v\u00e4lja antud Eesti Kaitsej\u00f5udude tellimisel 1997-2003)<\/li>\n<li>N\u00f5ukogude Liidu topograafilised kaardid 1:10 000<\/li>\n<\/ul>\n<p><a href=\"https:\/\/rattamatkaklubi.ee\/wiki\/OruxMaps\">Juhend ja kaardifailid allalaadimiseks Tipikate Rattamatkaklubi lehel<\/a><\/p>\n","protected":false},"excerpt":{"rendered":"<p>Tasuta kaardirakendus android telefonidele ja tahvlitele milles on v\u00f5imalik m\u00e4lukaardile salvestada: Maaameti Eesti p\u00f5hikaart 1:10 000 (2018) Eesti p\u00f5hikaart 1:20 000 (v\u00e4lja antud 1994-2016) Eesti Kaart 1:50 000 (v\u00e4lja antud Eesti Kaitsej\u00f5udude tellimisel 1997-2003) N\u00f5ukogude Liidu topograafilised kaardid 1:10 000 &hellip; <a href=\"https:\/\/porgupohja.ee\/index.php\/oruxmaps\/\">Continue reading <span class=\"meta-nav\">&rarr;<\/span><\/a><\/p>\n","protected":false},"author":2,"featured_media":0,"parent":0,"menu_order":0,"comment_status":"closed","ping_status":"closed","template":"","meta":{"footnotes":""},"class_list":["post-256","page","type-page","status-publish","hentry"],"_links":{"self":[{"href":"https:\/\/porgupohja.ee\/index.php\/wp-json\/wp\/v2\/pages\/256","targetHints":{"allow":["GET"]}}],"collection":[{"href":"https:\/\/porgupohja.ee\/index.php\/wp-json\/wp\/v2\/pages"}],"about":[{"href":"https:\/\/porgupohja.ee\/index.php\/wp-json\/wp\/v2\/types\/page"}],"author":[{"embeddable":true,"href":"https:\/\/porgupohja.ee\/index.php\/wp-json\/wp\/v2\/users\/2"}],"replies":[{"embeddable":true,"href":"https:\/\/porgupohja.ee\/index.php\/wp-json\/wp\/v2\/comments?post=256"}],"version-history":[{"count":4,"href":"https:\/\/porgupohja.ee\/index.php\/wp-json\/wp\/v2\/pages\/256\/revisions"}],"predecessor-version":[{"id":263,"href":"https:\/\/porgupohja.ee\/index.php\/wp-json\/wp\/v2\/pages\/256\/revisions\/263"}],"wp:attachment":[{"href":"https:\/\/porgupohja.ee\/index.php\/wp-json\/wp\/v2\/media?parent=256"}],"curies":[{"name":"wp","href":"https:\/\/api.w.org\/{rel}","templated":true}]}}