{"id":264,"date":"2018-06-30T19:22:05","date_gmt":"2018-06-30T16:22:05","guid":{"rendered":"https:\/\/porgupohja.ee\/?page_id=264"},"modified":"2018-07-05T11:26:49","modified_gmt":"2018-07-05T08:26:49","slug":"porgupohja-retk-2018-ajakava","status":"publish","type":"page","link":"https:\/\/porgupohja.ee\/index.php\/porgupohja-retk-2018-ajakava\/","title":{"rendered":"P\u00f5rgup\u00f5hja Retk 2018 ajakava"},"content":{"rendered":"<p>seisuga 30. juuni 2018<\/p>\n<p>Neljap\u00e4ev, 05.07.2018<\/p>\n<p>08:30 Mandaat avatud M\u00e4rjamaa vallas, Urevere k\u00fclas, Topi talus, <a href=\"https:\/\/www.google.ee\/maps\/place\/58%C2%B050'37.3%22N+24%C2%B015'02.5%22E\/@58.8437,24.2485083,428m\/data=!3m2!1e3!4b1!4m6!3m5!1s0x0:0x0!7e2!8m2!3d58.8437!4d24.2506965\">link google kaardile<\/a><br \/>\n09:15 V\u00f5istluse avamine ja v\u00f5istkondade koosolek<br \/>\n09:50 Esimene v\u00f5istkond stardib rajale<br \/>\n11:50 viimane v\u00f5istkond stardib rajale<br \/>\n12:00 Metsavend Endel Redlichi m\u00e4lestuskivi avamine. Esinevad Untsakad.<\/p>\n<p>Laup\u00e4ev, 07.07.2018<\/p>\n<p>alates 16:30-st v\u00f5istlejate fini\u0161eerumine Eidaperes, Kassiv\u00f5llim\u00e4el, <a href=\"https:\/\/www.google.ee\/maps\/place\/58%C2%B044'33.5%22N+24%C2%B056'47.1%22E\/@58.742633,24.945295,222m\/data=!3m2!1e3!4b1!4m6!3m5!1s0x0:0x0!7e2!8m2!3d58.7426327!4d24.9464262\">link google kaardile<\/a><br \/>\nalates 17:00-st \u00f5htus\u00f6\u00f6k ja pannkoogid p\u00f5rgup\u00f5hjalistele.<\/p>\n<p>Umbes 20.00 &#8211; V\u00f5itjate autasustamine, julgustusauhindade jagamine ning retke l\u00f5petamine<\/p>\n<p>Ajakava t\u00e4iendatakse ja t\u00e4psustatakse jooksvalt. Hoia end kursis!<\/p>\n<p>NB! V\u00f5istkonnad, kes saabuvad eelmisel \u00f5htul alasse &#8211; soovitame \u00f6\u00f6bida P\u00f5rgup\u00f5hja punkri l\u00e4hedal metsas v\u00f5i k\u00fcsige muude l\u00e4heduses olevate \u00f6\u00f6bimispaikade osas korraldajalt \u00fcle. Topi talu maadel palume mitte laagerdada!<\/p>\n","protected":false},"excerpt":{"rendered":"<p>seisuga 30. juuni 2018 Neljap\u00e4ev, 05.07.2018 08:30 Mandaat avatud M\u00e4rjamaa vallas, Urevere k\u00fclas, Topi talus, link google kaardile 09:15 V\u00f5istluse avamine ja v\u00f5istkondade koosolek 09:50 Esimene v\u00f5istkond stardib rajale 11:50 viimane v\u00f5istkond stardib rajale 12:00 Metsavend Endel Redlichi m\u00e4lestuskivi avamine. &hellip; <a href=\"https:\/\/porgupohja.ee\/index.php\/porgupohja-retk-2018-ajakava\/\">Continue reading <span class=\"meta-nav\">&rarr;<\/span><\/a><\/p>\n","protected":false},"author":2,"featured_media":0,"parent":0,"menu_order":0,"comment_status":"closed","ping_status":"closed","template":"","meta":{"footnotes":""},"class_list":["post-264","page","type-page","status-publish","hentry"],"_links":{"self":[{"href":"https:\/\/porgupohja.ee\/index.php\/wp-json\/wp\/v2\/pages\/264","targetHints":{"allow":["GET"]}}],"collection":[{"href":"https:\/\/porgupohja.ee\/index.php\/wp-json\/wp\/v2\/pages"}],"about":[{"href":"https:\/\/porgupohja.ee\/index.php\/wp-json\/wp\/v2\/types\/page"}],"author":[{"embeddable":true,"href":"https:\/\/porgupohja.ee\/index.php\/wp-json\/wp\/v2\/users\/2"}],"replies":[{"embeddable":true,"href":"https:\/\/porgupohja.ee\/index.php\/wp-json\/wp\/v2\/comments?post=264"}],"version-history":[{"count":6,"href":"https:\/\/porgupohja.ee\/index.php\/wp-json\/wp\/v2\/pages\/264\/revisions"}],"predecessor-version":[{"id":272,"href":"https:\/\/porgupohja.ee\/index.php\/wp-json\/wp\/v2\/pages\/264\/revisions\/272"}],"wp:attachment":[{"href":"https:\/\/porgupohja.ee\/index.php\/wp-json\/wp\/v2\/media?parent=264"}],"curies":[{"name":"wp","href":"https:\/\/api.w.org\/{rel}","templated":true}]}}